{"id":51,"date":"2024-06-06T06:39:32","date_gmt":"2024-06-06T06:39:32","guid":{"rendered":"https:\/\/crushreformerstudios.nl\/wp\/index.php\/home\/"},"modified":"2025-11-16T15:50:26","modified_gmt":"2025-11-16T15:50:26","slug":"home","status":"publish","type":"page","link":"https:\/\/skiproskiracers.nl\/","title":{"rendered":"Home"},"content":{"rendered":"\t\t<div data-elementor-type=\"wp-page\" data-elementor-id=\"51\" class=\"elementor elementor-51\" data-elementor-post-type=\"page\">\n\t\t\t\t<div class=\"aux-parallax-section elementor-element elementor-element-236b561 elementor-hidden-tablet elementor-hidden-mobile e-flex e-con-boxed e-con e-parent\" data-id=\"236b561\" data-element_type=\"container\" data-e-type=\"container\" data-settings=\"{&quot;background_background&quot;:&quot;slideshow&quot;,&quot;background_slideshow_gallery&quot;:[{&quot;id&quot;:2420,&quot;url&quot;:&quot;https:\\\/\\\/skiproskiracers.nl\\\/wp\\\/wp-content\\\/uploads\\\/2024\\\/11\\\/IMG_4698-2000x1000px_v2.jpg&quot;}],&quot;background_slideshow_loop&quot;:&quot;yes&quot;,&quot;background_slideshow_slide_duration&quot;:5000,&quot;background_slideshow_slide_transition&quot;:&quot;fade&quot;,&quot;background_slideshow_transition_duration&quot;:500}\">\n\t\t\t\t\t<div class=\"e-con-inner\">\n\t\t\t\t\t<\/div>\n\t\t\t\t<\/div>\n\t\t<div class=\"aux-parallax-section elementor-element elementor-element-b91650e elementor-hidden-desktop e-flex e-con-boxed e-con e-parent\" data-id=\"b91650e\" data-element_type=\"container\" data-e-type=\"container\" data-settings=\"{&quot;background_background&quot;:&quot;slideshow&quot;,&quot;background_slideshow_gallery&quot;:[{&quot;id&quot;:2438,&quot;url&quot;:&quot;https:\\\/\\\/skiproskiracers.nl\\\/wp\\\/wp-content\\\/uploads\\\/2024\\\/11\\\/IMG_4698-1500px_v3.jpg&quot;}],&quot;background_slideshow_loop&quot;:&quot;yes&quot;,&quot;background_slideshow_slide_duration&quot;:5000,&quot;background_slideshow_slide_transition&quot;:&quot;fade&quot;,&quot;background_slideshow_transition_duration&quot;:500}\">\n\t\t\t\t\t<div class=\"e-con-inner\">\n\t\t\t\t\t<\/div>\n\t\t\t\t<\/div>\n\t\t\t\t<section class=\"elementor-section elementor-top-section elementor-element elementor-element-98a2edb elementor-section-height-min-height elementor-section-boxed elementor-section-height-default elementor-section-items-middle\" data-id=\"98a2edb\" data-element_type=\"section\" data-e-type=\"section\" data-settings=\"{&quot;background_background&quot;:&quot;classic&quot;}\">\n\t\t\t\t\t\t\t<div class=\"elementor-background-overlay\"><\/div>\n\t\t\t\t\t\t\t<div class=\"elementor-container elementor-column-gap-no\">\n\t\t\t\t\t<div class=\"aux-parallax-section elementor-column elementor-col-100 elementor-top-column elementor-element elementor-element-187b7ff\" data-id=\"187b7ff\" data-element_type=\"column\" data-e-type=\"column\">\n\t\t\t<div class=\"elementor-widget-wrap elementor-element-populated\">\n\t\t\t\t\t\t<div class=\"elementor-element elementor-element-5ff5abd elementor-widget-mobile__width-initial elementor-widget-tablet__width-initial elementor-widget elementor-widget-heading\" data-id=\"5ff5abd\" data-element_type=\"widget\" data-e-type=\"widget\" data-widget_type=\"heading.default\">\n\t\t\t\t<div class=\"elementor-widget-container\">\n\t\t\t\t\t<h2 class=\"elementor-heading-title elementor-size-default\">Welkom bij<br>\nSKI-PRO!<\/h2>\t\t\t\t<\/div>\n\t\t\t\t<\/div>\n\t\t\t\t<div class=\"elementor-element elementor-element-76467b8 elementor-widget__width-initial elementor-widget-tablet__width-initial elementor-widget-mobile__width-initial elementor-widget elementor-widget-aux_modern_heading\" data-id=\"76467b8\" data-element_type=\"widget\" data-e-type=\"widget\" data-widget_type=\"aux_modern_heading.default\">\n\t\t\t\t<div class=\"elementor-widget-container\">\n\t\t\t\t\t<section class=\"aux-widget-modern-heading\">\n            <div class=\"aux-widget-inner\"><h2 class=\"aux-modern-heading-primary\"><\/h2><div class=\"aux-modern-heading-description\"><div id=\"HI pilates beeld\" class=\"vc_row wpb_row vc_row-fluid top-minus-80 wpb_animate_when_almost_visible wpb_fadeIn fadeIn vc_row-o-full-height vc_row-o-columns-stretch vc_row-o-equal-height vc_row-o-equal-height vc_row-o-content-middle vc_row-flex wpb_start_animation animated\" data-vc-full-width=\"true\" data-vc-full-width-init=\"true\"><div class=\"wpb_column vc_column_container vc_col-sm-12\"><div class=\"vc_column-inner \"><div class=\"wpb_wrapper\"><div class=\"ttbase-imagebox-wrapper\"><div class=\"ttbase-imagebox-content\"><p>Iedereen met een passie voor ski\u00ebn en de ambitie om zich verder te ontwikkelen tot een gevorderde alpine ski\u00ebr of serieuze wedstrijdski\u00ebr, is bij Ski-Pro van harte welkom.<\/p><p>Bij ons staat plezier in de sport altijd voorop! \u00a0<\/p><\/div><\/div><\/div><\/div><\/div><\/div><\/div><\/div>\n        <\/section>\t\t\t\t<\/div>\n\t\t\t\t<\/div>\n\t\t\t\t<div class=\"elementor-element elementor-element-371068d elementor-align-right elementor-tablet-align-right elementor-widget-mobile__width-initial elementor-mobile-align-center elementor-widget elementor-widget-button\" data-id=\"371068d\" data-element_type=\"widget\" data-e-type=\"widget\" data-widget_type=\"button.default\">\n\t\t\t\t<div class=\"elementor-widget-container\">\n\t\t\t\t\t\t\t\t\t<div class=\"elementor-button-wrapper\">\n\t\t\t\t\t<a class=\"elementor-button elementor-button-link elementor-size-sm\" href=\"https:\/\/skiproskiracers.nl\/wp\/?page_id=50\">\n\t\t\t\t\t\t<span class=\"elementor-button-content-wrapper\">\n\t\t\t\t\t\t\t\t\t<span class=\"elementor-button-text\">OVER ONS<\/span>\n\t\t\t\t\t<\/span>\n\t\t\t\t\t<\/a>\n\t\t\t\t<\/div>\n\t\t\t\t\t\t\t\t<\/div>\n\t\t\t\t<\/div>\n\t\t\t\t\t<\/div>\n\t\t<\/div>\n\t\t\t\t\t<\/div>\n\t\t<\/section>\n\t\t<div class=\"aux-parallax-section elementor-element elementor-element-3f4b7577 e-flex e-con-boxed e-con e-parent\" data-id=\"3f4b7577\" data-element_type=\"container\" data-e-type=\"container\" data-settings=\"{&quot;background_background&quot;:&quot;classic&quot;}\">\n\t\t\t\t\t<div class=\"e-con-inner\">\n\t\t\t\t<div class=\"elementor-element elementor-element-41c213e4 elementor-widget elementor-widget-heading\" data-id=\"41c213e4\" data-element_type=\"widget\" data-e-type=\"widget\" data-widget_type=\"heading.default\">\n\t\t\t\t<div class=\"elementor-widget-container\">\n\t\t\t\t\t<h2 class=\"elementor-heading-title elementor-size-default\">Check ons op Social:<\/h2>\t\t\t\t<\/div>\n\t\t\t\t<\/div>\n\t\t\t\t<div class=\"elementor-element elementor-element-f3f0605 elementor-shape-rounded elementor-grid-0 e-grid-align-center elementor-widget elementor-widget-social-icons\" data-id=\"f3f0605\" data-element_type=\"widget\" data-e-type=\"widget\" data-widget_type=\"social-icons.default\">\n\t\t\t\t<div class=\"elementor-widget-container\">\n\t\t\t\t\t\t\t<div class=\"elementor-social-icons-wrapper elementor-grid\" role=\"list\">\n\t\t\t\t\t\t\t<span class=\"elementor-grid-item\" role=\"listitem\">\n\t\t\t\t\t<a class=\"elementor-icon elementor-social-icon elementor-social-icon-facebook elementor-repeater-item-c60d23a\" href=\"https:\/\/www.facebook.com\/skiproskiracers\" target=\"_blank\">\n\t\t\t\t\t\t<span class=\"elementor-screen-only\">Facebook<\/span>\n\t\t\t\t\t\t<svg aria-hidden=\"true\" class=\"e-font-icon-svg e-fab-facebook\" viewBox=\"0 0 512 512\" xmlns=\"http:\/\/www.w3.org\/2000\/svg\"><path d=\"M504 256C504 119 393 8 256 8S8 119 8 256c0 123.78 90.69 226.38 209.25 245V327.69h-63V256h63v-54.64c0-62.15 37-96.48 93.67-96.48 27.14 0 55.52 4.84 55.52 4.84v61h-31.28c-30.8 0-40.41 19.12-40.41 38.73V256h68.78l-11 71.69h-57.78V501C413.31 482.38 504 379.78 504 256z\"><\/path><\/svg>\t\t\t\t\t<\/a>\n\t\t\t\t<\/span>\n\t\t\t\t\t\t\t<span class=\"elementor-grid-item\" role=\"listitem\">\n\t\t\t\t\t<a class=\"elementor-icon elementor-social-icon elementor-social-icon-instagram elementor-repeater-item-885e89a\" href=\"https:\/\/www.instagram.com\/skiproskiracers\/\" target=\"_blank\">\n\t\t\t\t\t\t<span class=\"elementor-screen-only\">Instagram<\/span>\n\t\t\t\t\t\t<svg aria-hidden=\"true\" class=\"e-font-icon-svg e-fab-instagram\" viewBox=\"0 0 448 512\" xmlns=\"http:\/\/www.w3.org\/2000\/svg\"><path d=\"M224.1 141c-63.6 0-114.9 51.3-114.9 114.9s51.3 114.9 114.9 114.9S339 319.5 339 255.9 287.7 141 224.1 141zm0 189.6c-41.1 0-74.7-33.5-74.7-74.7s33.5-74.7 74.7-74.7 74.7 33.5 74.7 74.7-33.6 74.7-74.7 74.7zm146.4-194.3c0 14.9-12 26.8-26.8 26.8-14.9 0-26.8-12-26.8-26.8s12-26.8 26.8-26.8 26.8 12 26.8 26.8zm76.1 27.2c-1.7-35.9-9.9-67.7-36.2-93.9-26.2-26.2-58-34.4-93.9-36.2-37-2.1-147.9-2.1-184.9 0-35.8 1.7-67.6 9.9-93.9 36.1s-34.4 58-36.2 93.9c-2.1 37-2.1 147.9 0 184.9 1.7 35.9 9.9 67.7 36.2 93.9s58 34.4 93.9 36.2c37 2.1 147.9 2.1 184.9 0 35.9-1.7 67.7-9.9 93.9-36.2 26.2-26.2 34.4-58 36.2-93.9 2.1-37 2.1-147.8 0-184.8zM398.8 388c-7.8 19.6-22.9 34.7-42.6 42.6-29.5 11.7-99.5 9-132.1 9s-102.7 2.6-132.1-9c-19.6-7.8-34.7-22.9-42.6-42.6-11.7-29.5-9-99.5-9-132.1s-2.6-102.7 9-132.1c7.8-19.6 22.9-34.7 42.6-42.6 29.5-11.7 99.5-9 132.1-9s102.7-2.6 132.1 9c19.6 7.8 34.7 22.9 42.6 42.6 11.7 29.5 9 99.5 9 132.1s2.7 102.7-9 132.1z\"><\/path><\/svg>\t\t\t\t\t<\/a>\n\t\t\t\t<\/span>\n\t\t\t\t\t<\/div>\n\t\t\t\t\t\t<\/div>\n\t\t\t\t<\/div>\n\t\t\t\t\t<\/div>\n\t\t\t\t<\/div>\n\t\t<div class=\"aux-parallax-section elementor-element elementor-element-27c1e75 e-con-full e-flex e-con e-parent\" data-id=\"27c1e75\" data-element_type=\"container\" data-e-type=\"container\" data-settings=\"{&quot;background_background&quot;:&quot;classic&quot;}\">\n\t\t<div class=\"elementor-element elementor-element-1064598 e-flex e-con-boxed e-con e-child\" data-id=\"1064598\" data-element_type=\"container\" data-e-type=\"container\">\n\t\t\t\t\t<div class=\"e-con-inner\">\n\t\t\t\t<div class=\"elementor-element elementor-element-5bfd0b8 elementor-align-left elementor-widget-mobile__width-initial elementor-tablet-align-right elementor-widget elementor-widget-button\" data-id=\"5bfd0b8\" data-element_type=\"widget\" data-e-type=\"widget\" data-widget_type=\"button.default\">\n\t\t\t\t<div class=\"elementor-widget-container\">\n\t\t\t\t\t\t\t\t\t<div class=\"elementor-button-wrapper\">\n\t\t\t\t\t<a class=\"elementor-button elementor-button-link elementor-size-sm\" href=\"https:\/\/skiproskiracers.nl\/wp\/?page_id=2\">\n\t\t\t\t\t\t<span class=\"elementor-button-content-wrapper\">\n\t\t\t\t\t\t\t\t\t<span class=\"elementor-button-text\">INFO TRAININGEN<\/span>\n\t\t\t\t\t<\/span>\n\t\t\t\t\t<\/a>\n\t\t\t\t<\/div>\n\t\t\t\t\t\t\t\t<\/div>\n\t\t\t\t<\/div>\n\t\t\t\t\t<\/div>\n\t\t\t\t<\/div>\n\t\t\t\t<\/div>\n\t\t<div class=\"aux-parallax-section elementor-element elementor-element-79642ac e-flex e-con-boxed e-con e-parent\" data-id=\"79642ac\" data-element_type=\"container\" data-e-type=\"container\" data-settings=\"{&quot;background_background&quot;:&quot;classic&quot;}\">\n\t\t\t\t\t<div class=\"e-con-inner\">\n\t\t<div class=\"elementor-element elementor-element-35331b2 e-con-full e-flex e-con e-child\" data-id=\"35331b2\" data-element_type=\"container\" data-e-type=\"container\" data-settings=\"{&quot;background_background&quot;:&quot;video&quot;}\">\n\t\t<div class=\"elementor-element elementor-element-d54e368 e-flex e-con-boxed e-con e-child\" data-id=\"d54e368\" data-element_type=\"container\" data-e-type=\"container\">\n\t\t\t\t\t<div class=\"e-con-inner\">\n\t\t<div class=\"elementor-element elementor-element-46ccbcf e-flex e-con-boxed e-con e-child\" data-id=\"46ccbcf\" data-element_type=\"container\" data-e-type=\"container\">\n\t\t\t\t\t<div class=\"e-con-inner\">\n\t\t\t\t<div class=\"elementor-element elementor-element-dcf64fd elementor-widget elementor-widget-heading\" data-id=\"dcf64fd\" data-element_type=\"widget\" data-e-type=\"widget\" data-widget_type=\"heading.default\">\n\t\t\t\t<div class=\"elementor-widget-container\">\n\t\t\t\t\t<h2 class=\"elementor-heading-title elementor-size-default\"><span style=\"background-color: transparent\">PLEZIER.\n<\/span>SNELHEID.\nUITDAGING. \nTEAMSPIRIT.<\/h2>\t\t\t\t<\/div>\n\t\t\t\t<\/div>\n\t\t\t\t\t<\/div>\n\t\t\t\t<\/div>\n\t\t\t\t\t<\/div>\n\t\t\t\t<\/div>\n\t\t\t\t<div class=\"elementor-element elementor-element-897af7d elementor-widget-mobile__width-initial elementor-widget__width-initial elementor-widget elementor-widget-text-editor\" data-id=\"897af7d\" data-element_type=\"widget\" data-e-type=\"widget\" data-widget_type=\"text-editor.default\">\n\t\t\t\t<div class=\"elementor-widget-container\">\n\t\t\t\t\t\t\t\t\t<p>Bij Ski-Pro willen we jonge skitalenten helpen om beter te worden in het ski\u00ebn! We leren ze niet alleen de juiste skitechnieken, maar ook hoe ze fit en sterk kunnen blijven. Ons doel is dat ze net zo goed worden als ski\u00ebrs uit andere landen, zodat ze kunnen meedoen op het hoogste niveau. Samen maken we van jou een echte alpine ski\u00ebr!<\/p>\t\t\t\t\t\t\t\t<\/div>\n\t\t\t\t<\/div>\n\t\t\t\t<div class=\"elementor-element elementor-element-7eb67ba elementor-align-center elementor-tablet-align-right elementor-widget-mobile__width-initial elementor-widget-tablet__width-initial elementor-widget elementor-widget-button\" data-id=\"7eb67ba\" data-element_type=\"widget\" data-e-type=\"widget\" data-widget_type=\"button.default\">\n\t\t\t\t<div class=\"elementor-widget-container\">\n\t\t\t\t\t\t\t\t\t<div class=\"elementor-button-wrapper\">\n\t\t\t\t\t<a class=\"elementor-button elementor-button-link elementor-size-sm\" href=\"https:\/\/skiproskiracers.nl\/wp\/?page_id=49\">\n\t\t\t\t\t\t<span class=\"elementor-button-content-wrapper\">\n\t\t\t\t\t\t\t\t\t<span class=\"elementor-button-text\">LIDMAATSCHAP<\/span>\n\t\t\t\t\t<\/span>\n\t\t\t\t\t<\/a>\n\t\t\t\t<\/div>\n\t\t\t\t\t\t\t\t<\/div>\n\t\t\t\t<\/div>\n\t\t\t\t<\/div>\n\t\t\t\t\t<\/div>\n\t\t\t\t<\/div>\n\t\t<div class=\"aux-parallax-section elementor-element elementor-element-137e27b e-con-full e-flex e-con e-parent\" data-id=\"137e27b\" data-element_type=\"container\" data-e-type=\"container\" data-settings=\"{&quot;background_background&quot;:&quot;classic&quot;}\">\n\t\t<div class=\"elementor-element elementor-element-a2cdd08 e-con-full e-flex e-con e-child\" data-id=\"a2cdd08\" data-element_type=\"container\" data-e-type=\"container\">\n\t\t\t\t<div class=\"elementor-element elementor-element-979369e elementor-widget-tablet__width-auto elementor-widget-mobile__width-inherit elementor-widget__width-initial elementor-widget elementor-widget-aux_modern_heading\" data-id=\"979369e\" data-element_type=\"widget\" data-e-type=\"widget\" data-widget_type=\"aux_modern_heading.default\">\n\t\t\t\t<div class=\"elementor-widget-container\">\n\t\t\t\t\t<section class=\"aux-widget-modern-heading\">\n            <div class=\"aux-widget-inner\"><h4 class=\"aux-modern-heading-primary\"><\/h4><h2 class=\"aux-modern-heading-secondary\"><span class=\"aux-head-before\">Trainingsweken in Oostenrijk<\/span><span class=\"aux-head-after\"> <\/span><\/h2><div class=\"aux-modern-heading-description\"><p class=\"p1\">We organiseren gedurende het jaar diverse trainingsweken in Oostenrijk. Op de pistes van het kleine skigebied Eben in Pongau in Salzburgerland hebben we alle ruimte voor techniektraining, slalom- en reuzenslalom training.<\/p><\/div><\/div>\n        <\/section>\t\t\t\t<\/div>\n\t\t\t\t<\/div>\n\t\t\t\t<div class=\"elementor-element elementor-element-24942a4 elementor-align-center elementor-tablet-align-right elementor-widget-mobile__width-initial elementor-widget-tablet__width-initial elementor-widget elementor-widget-button\" data-id=\"24942a4\" data-element_type=\"widget\" data-e-type=\"widget\" data-widget_type=\"button.default\">\n\t\t\t\t<div class=\"elementor-widget-container\">\n\t\t\t\t\t\t\t\t\t<div class=\"elementor-button-wrapper\">\n\t\t\t\t\t<a class=\"elementor-button elementor-button-link elementor-size-sm\" href=\"https:\/\/skiproskiracers.nl\/wp\/?page_id=2\">\n\t\t\t\t\t\t<span class=\"elementor-button-content-wrapper\">\n\t\t\t\t\t\t\t\t\t<span class=\"elementor-button-text\">INTERESSE?<\/span>\n\t\t\t\t\t<\/span>\n\t\t\t\t\t<\/a>\n\t\t\t\t<\/div>\n\t\t\t\t\t\t\t\t<\/div>\n\t\t\t\t<\/div>\n\t\t\t\t<\/div>\n\t\t\t\t<\/div>\n\t\t\t\t<\/div>\n\t\t","protected":false},"excerpt":{"rendered":"<p>Welkom bij SKI-PRO! Iedereen met een passie voor ski\u00ebn en de ambitie om zich verder te ontwikkelen tot een gevorderde alpine ski\u00ebr of serieuze wedstrijdski\u00ebr, is bij Ski-Pro van harte welkom. Bij ons staat plezier in de sport altijd voorop! \u00a0 OVER ONS Check ons op Social: Facebook Instagram INFO TRAININGEN PLEZIER. SNELHEID. UITDAGING. TEAMSPIRIT. [&hellip;]<\/p>\n","protected":false},"author":2,"featured_media":0,"parent":0,"menu_order":0,"comment_status":"closed","ping_status":"closed","template":"","meta":{"om_disable_all_campaigns":false,"_monsterinsights_skip_tracking":false,"_monsterinsights_sitenote_active":false,"_monsterinsights_sitenote_note":"","_monsterinsights_sitenote_category":0,"_uf_show_specific_survey":0,"_uf_disable_surveys":false,"footnotes":""},"class_list":["post-51","page","type-page","status-publish","hentry"],"yoast_head":"<!-- This site is optimized with the Yoast SEO plugin v27.3 - https:\/\/yoast.com\/product\/yoast-seo-wordpress\/ -->\n<title>Home - SkiPro SkiRacers<\/title>\n<meta name=\"description\" content=\"In our recently opened studio we turn the lights low and music beats high around our customised CRUSH transformer machines. Our 50-min full body work-out is created to motivate you to achieve all your goals.\" \/>\n<meta name=\"robots\" content=\"index, follow, max-snippet:-1, max-image-preview:large, max-video-preview:-1\" \/>\n<link rel=\"canonical\" href=\"https:\/\/skiproskiracers.nl\/\" \/>\n<meta property=\"og:locale\" content=\"nl_NL\" \/>\n<meta property=\"og:type\" content=\"article\" \/>\n<meta property=\"og:title\" content=\"Home - SkiPro SkiRacers\" \/>\n<meta property=\"og:description\" content=\"In our recently opened studio we turn the lights low and music beats high around our customised CRUSH transformer machines. Our 50-min full body work-out is created to motivate you to achieve all your goals.\" \/>\n<meta property=\"og:url\" content=\"https:\/\/skiproskiracers.nl\/\" \/>\n<meta property=\"og:site_name\" content=\"SkiPro SkiRacers\" \/>\n<meta property=\"article:publisher\" content=\"https:\/\/www.facebook.com\/skiproskiracers\" \/>\n<meta property=\"article:modified_time\" content=\"2025-11-16T15:50:26+00:00\" \/>\n<meta name=\"twitter:card\" content=\"summary_large_image\" \/>\n<meta name=\"twitter:label1\" content=\"Geschatte leestijd\" \/>\n\t<meta name=\"twitter:data1\" content=\"1 minuut\" \/>\n<script type=\"application\/ld+json\" class=\"yoast-schema-graph\">{\"@context\":\"https:\\\/\\\/schema.org\",\"@graph\":[{\"@type\":\"WebPage\",\"@id\":\"https:\\\/\\\/skiproskiracers.nl\\\/\",\"url\":\"https:\\\/\\\/skiproskiracers.nl\\\/\",\"name\":\"Home - SkiPro SkiRacers\",\"isPartOf\":{\"@id\":\"https:\\\/\\\/skiproskiracers.nl\\\/#website\"},\"datePublished\":\"2024-06-06T06:39:32+00:00\",\"dateModified\":\"2025-11-16T15:50:26+00:00\",\"description\":\"In our recently opened studio we turn the lights low and music beats high around our customised CRUSH transformer machines. Our 50-min full body work-out is created to motivate you to achieve all your goals.\",\"breadcrumb\":{\"@id\":\"https:\\\/\\\/skiproskiracers.nl\\\/#breadcrumb\"},\"inLanguage\":\"nl-NL\",\"potentialAction\":[{\"@type\":\"ReadAction\",\"target\":[\"https:\\\/\\\/skiproskiracers.nl\\\/\"]}]},{\"@type\":\"BreadcrumbList\",\"@id\":\"https:\\\/\\\/skiproskiracers.nl\\\/#breadcrumb\",\"itemListElement\":[{\"@type\":\"ListItem\",\"position\":1,\"name\":\"Home\",\"item\":\"https:\\\/\\\/skiproskiracers.nl\\\/\"},{\"@type\":\"ListItem\",\"position\":2,\"name\":\"Home\"}]},{\"@type\":\"WebSite\",\"@id\":\"https:\\\/\\\/skiproskiracers.nl\\\/#website\",\"url\":\"https:\\\/\\\/skiproskiracers.nl\\\/\",\"name\":\"SkiPro SkiRacers\",\"description\":\"Dutch Young Ski Talents\",\"publisher\":{\"@id\":\"https:\\\/\\\/skiproskiracers.nl\\\/#organization\"},\"potentialAction\":[{\"@type\":\"SearchAction\",\"target\":{\"@type\":\"EntryPoint\",\"urlTemplate\":\"https:\\\/\\\/skiproskiracers.nl\\\/?s={search_term_string}\"},\"query-input\":{\"@type\":\"PropertyValueSpecification\",\"valueRequired\":true,\"valueName\":\"search_term_string\"}}],\"inLanguage\":\"nl-NL\"},{\"@type\":\"Organization\",\"@id\":\"https:\\\/\\\/skiproskiracers.nl\\\/#organization\",\"name\":\"SkiPro SkiRacers\",\"url\":\"https:\\\/\\\/skiproskiracers.nl\\\/\",\"logo\":{\"@type\":\"ImageObject\",\"inLanguage\":\"nl-NL\",\"@id\":\"https:\\\/\\\/skiproskiracers.nl\\\/#\\\/schema\\\/logo\\\/image\\\/\",\"url\":\"https:\\\/\\\/skiproskiracers.nl\\\/wp\\\/wp-content\\\/uploads\\\/2024\\\/10\\\/cropped-Logo_kleur_530px.jpg\",\"contentUrl\":\"https:\\\/\\\/skiproskiracers.nl\\\/wp\\\/wp-content\\\/uploads\\\/2024\\\/10\\\/cropped-Logo_kleur_530px.jpg\",\"width\":512,\"height\":512,\"caption\":\"SkiPro SkiRacers\"},\"image\":{\"@id\":\"https:\\\/\\\/skiproskiracers.nl\\\/#\\\/schema\\\/logo\\\/image\\\/\"},\"sameAs\":[\"https:\\\/\\\/www.facebook.com\\\/skiproskiracers\",\"https:\\\/\\\/www.instagram.com\\\/skiproskiracers\\\/\"]}]}<\/script>\n<!-- \/ Yoast SEO plugin. -->","yoast_head_json":{"title":"Home - SkiPro SkiRacers","description":"In our recently opened studio we turn the lights low and music beats high around our customised CRUSH transformer machines. Our 50-min full body work-out is created to motivate you to achieve all your goals.","robots":{"index":"index","follow":"follow","max-snippet":"max-snippet:-1","max-image-preview":"max-image-preview:large","max-video-preview":"max-video-preview:-1"},"canonical":"https:\/\/skiproskiracers.nl\/","og_locale":"nl_NL","og_type":"article","og_title":"Home - SkiPro SkiRacers","og_description":"In our recently opened studio we turn the lights low and music beats high around our customised CRUSH transformer machines. Our 50-min full body work-out is created to motivate you to achieve all your goals.","og_url":"https:\/\/skiproskiracers.nl\/","og_site_name":"SkiPro SkiRacers","article_publisher":"https:\/\/www.facebook.com\/skiproskiracers","article_modified_time":"2025-11-16T15:50:26+00:00","twitter_card":"summary_large_image","twitter_misc":{"Geschatte leestijd":"1 minuut"},"schema":{"@context":"https:\/\/schema.org","@graph":[{"@type":"WebPage","@id":"https:\/\/skiproskiracers.nl\/","url":"https:\/\/skiproskiracers.nl\/","name":"Home - SkiPro SkiRacers","isPartOf":{"@id":"https:\/\/skiproskiracers.nl\/#website"},"datePublished":"2024-06-06T06:39:32+00:00","dateModified":"2025-11-16T15:50:26+00:00","description":"In our recently opened studio we turn the lights low and music beats high around our customised CRUSH transformer machines. Our 50-min full body work-out is created to motivate you to achieve all your goals.","breadcrumb":{"@id":"https:\/\/skiproskiracers.nl\/#breadcrumb"},"inLanguage":"nl-NL","potentialAction":[{"@type":"ReadAction","target":["https:\/\/skiproskiracers.nl\/"]}]},{"@type":"BreadcrumbList","@id":"https:\/\/skiproskiracers.nl\/#breadcrumb","itemListElement":[{"@type":"ListItem","position":1,"name":"Home","item":"https:\/\/skiproskiracers.nl\/"},{"@type":"ListItem","position":2,"name":"Home"}]},{"@type":"WebSite","@id":"https:\/\/skiproskiracers.nl\/#website","url":"https:\/\/skiproskiracers.nl\/","name":"SkiPro SkiRacers","description":"Dutch Young Ski Talents","publisher":{"@id":"https:\/\/skiproskiracers.nl\/#organization"},"potentialAction":[{"@type":"SearchAction","target":{"@type":"EntryPoint","urlTemplate":"https:\/\/skiproskiracers.nl\/?s={search_term_string}"},"query-input":{"@type":"PropertyValueSpecification","valueRequired":true,"valueName":"search_term_string"}}],"inLanguage":"nl-NL"},{"@type":"Organization","@id":"https:\/\/skiproskiracers.nl\/#organization","name":"SkiPro SkiRacers","url":"https:\/\/skiproskiracers.nl\/","logo":{"@type":"ImageObject","inLanguage":"nl-NL","@id":"https:\/\/skiproskiracers.nl\/#\/schema\/logo\/image\/","url":"https:\/\/skiproskiracers.nl\/wp\/wp-content\/uploads\/2024\/10\/cropped-Logo_kleur_530px.jpg","contentUrl":"https:\/\/skiproskiracers.nl\/wp\/wp-content\/uploads\/2024\/10\/cropped-Logo_kleur_530px.jpg","width":512,"height":512,"caption":"SkiPro SkiRacers"},"image":{"@id":"https:\/\/skiproskiracers.nl\/#\/schema\/logo\/image\/"},"sameAs":["https:\/\/www.facebook.com\/skiproskiracers","https:\/\/www.instagram.com\/skiproskiracers\/"]}]}},"_links":{"self":[{"href":"https:\/\/skiproskiracers.nl\/index.php?rest_route=\/wp\/v2\/pages\/51","targetHints":{"allow":["GET"]}}],"collection":[{"href":"https:\/\/skiproskiracers.nl\/index.php?rest_route=\/wp\/v2\/pages"}],"about":[{"href":"https:\/\/skiproskiracers.nl\/index.php?rest_route=\/wp\/v2\/types\/page"}],"author":[{"embeddable":true,"href":"https:\/\/skiproskiracers.nl\/index.php?rest_route=\/wp\/v2\/users\/2"}],"replies":[{"embeddable":true,"href":"https:\/\/skiproskiracers.nl\/index.php?rest_route=%2Fwp%2Fv2%2Fcomments&post=51"}],"version-history":[{"count":970,"href":"https:\/\/skiproskiracers.nl\/index.php?rest_route=\/wp\/v2\/pages\/51\/revisions"}],"predecessor-version":[{"id":2660,"href":"https:\/\/skiproskiracers.nl\/index.php?rest_route=\/wp\/v2\/pages\/51\/revisions\/2660"}],"wp:attachment":[{"href":"https:\/\/skiproskiracers.nl\/index.php?rest_route=%2Fwp%2Fv2%2Fmedia&parent=51"}],"curies":[{"name":"wp","href":"https:\/\/api.w.org\/{rel}","templated":true}]}}