{"id":49,"date":"2020-10-01T06:40:25","date_gmt":"2020-10-01T06:40:25","guid":{"rendered":"https:\/\/crushreformerstudios.nl\/wp\/index.php\/project\/"},"modified":"2024-11-14T14:46:43","modified_gmt":"2024-11-14T14:46:43","slug":"packages","status":"publish","type":"page","link":"https:\/\/skiproskiracers.nl\/?page_id=49","title":{"rendered":"Hoe kan ik lid worden"},"content":{"rendered":"\t\t<div data-elementor-type=\"wp-page\" data-elementor-id=\"49\" class=\"elementor elementor-49\" data-elementor-post-type=\"page\">\n\t\t\t\t<div class=\"aux-parallax-section elementor-element elementor-element-a8f0db0 e-con-full e-flex e-con e-parent\" data-id=\"a8f0db0\" data-element_type=\"container\" data-e-type=\"container\" data-settings=\"{&quot;background_background&quot;:&quot;classic&quot;}\">\n\t\t\t\t<\/div>\n\t\t\t\t<section class=\"elementor-section elementor-top-section elementor-element elementor-element-38489fe elementor-section-boxed elementor-section-height-default elementor-section-height-default\" data-id=\"38489fe\" data-element_type=\"section\" data-e-type=\"section\">\n\t\t\t\t\t\t\t<div class=\"elementor-background-overlay\"><\/div>\n\t\t\t\t\t\t\t<div class=\"elementor-container elementor-column-gap-narrow\">\n\t\t\t\t\t<div class=\"aux-parallax-section elementor-column elementor-col-100 elementor-top-column elementor-element elementor-element-f5b20ea\" data-id=\"f5b20ea\" data-element_type=\"column\" data-e-type=\"column\">\n\t\t\t<div class=\"elementor-widget-wrap elementor-element-populated\">\n\t\t\t\t\t\t<div class=\"elementor-element elementor-element-3e4840c aux-appear-watch-animation aux-fade-in-up-1 elementor-widget__width-initial elementor-widget elementor-widget-aux_modern_heading\" data-id=\"3e4840c\" data-element_type=\"widget\" data-e-type=\"widget\" data-widget_type=\"aux_modern_heading.default\">\n\t\t\t\t<div class=\"elementor-widget-container\">\n\t\t\t\t\t<section class=\"aux-widget-modern-heading\">\n            <div class=\"aux-widget-inner\"><h1 class=\"aux-modern-heading-primary\">Informatie<\/h1><h2 class=\"aux-modern-heading-secondary\"><span class=\"aux-head-highlight\">Hoe kan<BR>ik lid worden?<\/span><\/h2><\/div>\n        <\/section>\t\t\t\t<\/div>\n\t\t\t\t<\/div>\n\t\t\t\t\t<\/div>\n\t\t<\/div>\n\t\t\t\t\t<\/div>\n\t\t<\/section>\n\t\t<div class=\"aux-parallax-section elementor-element elementor-element-044d3ab e-flex e-con-boxed e-con e-parent\" data-id=\"044d3ab\" data-element_type=\"container\" data-e-type=\"container\">\n\t\t\t\t\t<div class=\"e-con-inner\">\n\t\t<div class=\"elementor-element elementor-element-fee1a88 e-con-full e-flex e-con e-child\" data-id=\"fee1a88\" data-element_type=\"container\" data-e-type=\"container\">\n\t\t\t\t<div class=\"elementor-element elementor-element-64b8290 elementor-widget elementor-widget-text-editor\" data-id=\"64b8290\" data-element_type=\"widget\" data-e-type=\"widget\" data-widget_type=\"text-editor.default\">\n\t\t\t\t<div class=\"elementor-widget-container\">\n\t\t\t\t\t\t\t\t\t<p>Bij Ski-Pro staat plezier en uitdaging voorop. Iedereen met passie voor ski\u00ebn, parallel kan ski\u00ebn en die zichzelf verder wil ontwikkelen tot goede alpine ski\u00ebr of tot serieuze wedstrijdski\u00ebr is bij Ski-Pro welkom.<span class=\"Apple-converted-space\">\u00a0Leeftijd vanaf 6 jaar.<\/span><\/p><p><span style=\"color: #0243b3;\"><b>Word lid van Ski-Pro<br \/><\/b><\/span>Ski-Pro heeft diverse lidmaatschap mogelijkheden. Je kan kiezen voor een basis lidmaatschap met alleen indoor skitraining met als extra optie de conditietraining. Trainingsweken in Oostenrijk zijn los te boeken.<\/p>\t\t\t\t\t\t\t\t<\/div>\n\t\t\t\t<\/div>\n\t\t\t\t<\/div>\n\t\t<div class=\"elementor-element elementor-element-74bff51 e-con-full e-flex e-con e-child\" data-id=\"74bff51\" data-element_type=\"container\" data-e-type=\"container\">\n\t\t\t\t<div class=\"elementor-element elementor-element-51bf4eb elementor-widget elementor-widget-text-editor\" data-id=\"51bf4eb\" data-element_type=\"widget\" data-e-type=\"widget\" data-widget_type=\"text-editor.default\">\n\t\t\t\t<div class=\"elementor-widget-container\">\n\t\t\t\t\t\t\t\t\t<p>Wat ook kan is een lidmaatschapspakket dat bestaat uit zowel de training in Nederland als interne trainingsweken in Oostenrijk.<span class=\"Apple-converted-space\">\u00a0<\/span><\/p><p><span style=\"color: #0243b3;\"><b>Maak kennis met Ski-Pro en train mee! <\/b><\/span>Nieuwsgierig geworden? Train dan een keer met ons mee, en ervaar de leuke, gezellige sfeer bij Ski-Pro. Meld je hier aan voor een gratis kennismakingstraining.<\/p>\t\t\t\t\t\t\t\t<\/div>\n\t\t\t\t<\/div>\n\t\t<div class=\"elementor-element elementor-element-6e90832 e-con-full e-flex e-con e-child\" data-id=\"6e90832\" data-element_type=\"container\" data-e-type=\"container\">\n\t\t\t\t<div class=\"elementor-element elementor-element-d53d264 elementor-align-center elementor-tablet-align-center elementor-mobile-align-center elementor-widget elementor-widget-button\" data-id=\"d53d264\" data-element_type=\"widget\" data-e-type=\"widget\" data-widget_type=\"button.default\">\n\t\t\t\t<div class=\"elementor-widget-container\">\n\t\t\t\t\t\t\t\t\t<div class=\"elementor-button-wrapper\">\n\t\t\t\t\t<a class=\"elementor-button elementor-button-link elementor-size-sm\" href=\"https:\/\/skiproskiracers.nl\/wp\/?page_id=1770\">\n\t\t\t\t\t\t<span class=\"elementor-button-content-wrapper\">\n\t\t\t\t\t\t<span class=\"elementor-button-icon\">\n\t\t\t\t<svg aria-hidden=\"true\" class=\"e-font-icon-svg e-far-arrow-alt-circle-right\" viewBox=\"0 0 512 512\" xmlns=\"http:\/\/www.w3.org\/2000\/svg\"><path d=\"M504 256C504 119 393 8 256 8S8 119 8 256s111 248 248 248 248-111 248-248zm-448 0c0-110.5 89.5-200 200-200s200 89.5 200 200-89.5 200-200 200S56 366.5 56 256zm72 20v-40c0-6.6 5.4-12 12-12h116v-67c0-10.7 12.9-16 20.5-8.5l99 99c4.7 4.7 4.7 12.3 0 17l-99 99c-7.6 7.6-20.5 2.2-20.5-8.5v-67H140c-6.6 0-12-5.4-12-12z\"><\/path><\/svg>\t\t\t<\/span>\n\t\t\t\t\t\t\t\t\t<span class=\"elementor-button-text\">Gratis Kennismakingstraining<\/span>\n\t\t\t\t\t<\/span>\n\t\t\t\t\t<\/a>\n\t\t\t\t<\/div>\n\t\t\t\t\t\t\t\t<\/div>\n\t\t\t\t<\/div>\n\t\t<div class=\"elementor-element elementor-element-bee8412 e-con-full e-flex e-con e-child\" data-id=\"bee8412\" data-element_type=\"container\" data-e-type=\"container\">\n\t\t\t\t<div class=\"elementor-element elementor-element-6929bee elementor-align-center elementor-mobile-align-center elementor-widget-mobile__width-initial elementor-widget elementor-widget-button\" data-id=\"6929bee\" data-element_type=\"widget\" data-e-type=\"widget\" data-widget_type=\"button.default\">\n\t\t\t\t<div class=\"elementor-widget-container\">\n\t\t\t\t\t\t\t\t\t<div class=\"elementor-button-wrapper\">\n\t\t\t\t\t<a class=\"elementor-button elementor-button-link elementor-size-sm\" href=\"https:\/\/skiproskiracers.nl\/wp\/?page_id=1770\">\n\t\t\t\t\t\t<span class=\"elementor-button-content-wrapper\">\n\t\t\t\t\t\t<span class=\"elementor-button-icon\">\n\t\t\t\t<svg aria-hidden=\"true\" class=\"e-font-icon-svg e-far-arrow-alt-circle-right\" viewBox=\"0 0 512 512\" xmlns=\"http:\/\/www.w3.org\/2000\/svg\"><path d=\"M504 256C504 119 393 8 256 8S8 119 8 256s111 248 248 248 248-111 248-248zm-448 0c0-110.5 89.5-200 200-200s200 89.5 200 200-89.5 200-200 200S56 366.5 56 256zm72 20v-40c0-6.6 5.4-12 12-12h116v-67c0-10.7 12.9-16 20.5-8.5l99 99c4.7 4.7 4.7 12.3 0 17l-99 99c-7.6 7.6-20.5 2.2-20.5-8.5v-67H140c-6.6 0-12-5.4-12-12z\"><\/path><\/svg>\t\t\t<\/span>\n\t\t\t\t\t\t\t\t\t<span class=\"elementor-button-text\">Lid worden?. . .  Meld je hier!<\/span>\n\t\t\t\t\t<\/span>\n\t\t\t\t\t<\/a>\n\t\t\t\t<\/div>\n\t\t\t\t\t\t\t\t<\/div>\n\t\t\t\t<\/div>\n\t\t\t\t<\/div>\n\t\t\t\t<\/div>\n\t\t\t\t<\/div>\n\t\t\t\t\t<\/div>\n\t\t\t\t<\/div>\n\t\t<div class=\"aux-parallax-section elementor-element elementor-element-f88ae33 e-flex e-con-boxed e-con e-parent\" data-id=\"f88ae33\" data-element_type=\"container\" data-e-type=\"container\">\n\t\t\t\t\t<div class=\"e-con-inner\">\n\t\t<div class=\"elementor-element elementor-element-14275f6 e-con-full e-flex e-con e-child\" data-id=\"14275f6\" data-element_type=\"container\" data-e-type=\"container\">\n\t\t\t\t<\/div>\n\t\t\t\t\t<\/div>\n\t\t\t\t<\/div>\n\t\t\t\t<\/div>\n\t\t","protected":false},"excerpt":{"rendered":"<p>Informatie Hoe kan ik lid worden? Bij Ski-Pro staat plezier en uitdaging voorop. Iedereen met passie voor ski\u00ebn, parallel kan ski\u00ebn en die zichzelf verder wil ontwikkelen tot goede alpine ski\u00ebr of tot serieuze wedstrijdski\u00ebr is bij Ski-Pro welkom.\u00a0Leeftijd vanaf 6 jaar. Word lid van Ski-Pro Ski-Pro heeft diverse lidmaatschap mogelijkheden. Je kan kiezen voor [&hellip;]<\/p>\n","protected":false},"author":2,"featured_media":0,"parent":0,"menu_order":0,"comment_status":"closed","ping_status":"closed","template":"","meta":{"om_disable_all_campaigns":false,"_monsterinsights_skip_tracking":false,"_monsterinsights_sitenote_active":false,"_monsterinsights_sitenote_note":"","_monsterinsights_sitenote_category":0,"_uf_show_specific_survey":0,"_uf_disable_surveys":false,"footnotes":""},"class_list":["post-49","page","type-page","status-publish","hentry"],"yoast_head":"<!-- This site is optimized with the Yoast SEO plugin v27.4 - https:\/\/yoast.com\/product\/yoast-seo-wordpress\/ -->\n<title>Hoe kan ik lid worden - SkiPro SkiRacers<\/title>\n<meta name=\"description\" content=\"Bij Ski-Pro staat plezier en uitdaging voorop. Iedereen met passie voor ski\u00ebn, parallel kan ski\u00ebn en die zichzelf verder wil ontwikkelen tot goede alpine ski\u00ebr of tot serieuze wedstrijdski\u00ebr is bij Ski-Pro welkom. Leeftijd vanaf 6 jaar.\" \/>\n<meta name=\"robots\" content=\"index, follow, max-snippet:-1, max-image-preview:large, max-video-preview:-1\" \/>\n<link rel=\"canonical\" href=\"https:\/\/skiproskiracers.nl\/?page_id=49\" \/>\n<meta property=\"og:locale\" content=\"nl_NL\" \/>\n<meta property=\"og:type\" content=\"article\" \/>\n<meta property=\"og:title\" content=\"Hoe kan ik lid worden - SkiPro SkiRacers\" \/>\n<meta property=\"og:description\" content=\"Bij Ski-Pro staat plezier en uitdaging voorop. Iedereen met passie voor ski\u00ebn, parallel kan ski\u00ebn en die zichzelf verder wil ontwikkelen tot goede alpine ski\u00ebr of tot serieuze wedstrijdski\u00ebr is bij Ski-Pro welkom. Leeftijd vanaf 6 jaar.\" \/>\n<meta property=\"og:url\" content=\"https:\/\/skiproskiracers.nl\/?page_id=49\" \/>\n<meta property=\"og:site_name\" content=\"SkiPro SkiRacers\" \/>\n<meta property=\"article:publisher\" content=\"https:\/\/www.facebook.com\/skiproskiracers\" \/>\n<meta property=\"article:modified_time\" content=\"2024-11-14T14:46:43+00:00\" \/>\n<meta name=\"twitter:card\" content=\"summary_large_image\" \/>\n<meta name=\"twitter:label1\" content=\"Geschatte leestijd\" \/>\n\t<meta name=\"twitter:data1\" content=\"1 minuut\" \/>\n<script type=\"application\/ld+json\" class=\"yoast-schema-graph\">{\"@context\":\"https:\\\/\\\/schema.org\",\"@graph\":[{\"@type\":\"WebPage\",\"@id\":\"https:\\\/\\\/skiproskiracers.nl\\\/?page_id=49\",\"url\":\"https:\\\/\\\/skiproskiracers.nl\\\/?page_id=49\",\"name\":\"Hoe kan ik lid worden - SkiPro SkiRacers\",\"isPartOf\":{\"@id\":\"https:\\\/\\\/skiproskiracers.nl\\\/#website\"},\"datePublished\":\"2020-10-01T06:40:25+00:00\",\"dateModified\":\"2024-11-14T14:46:43+00:00\",\"description\":\"Bij Ski-Pro staat plezier en uitdaging voorop. Iedereen met passie voor ski\u00ebn, parallel kan ski\u00ebn en die zichzelf verder wil ontwikkelen tot goede alpine ski\u00ebr of tot serieuze wedstrijdski\u00ebr is bij Ski-Pro welkom. Leeftijd vanaf 6 jaar.\",\"breadcrumb\":{\"@id\":\"https:\\\/\\\/skiproskiracers.nl\\\/?page_id=49#breadcrumb\"},\"inLanguage\":\"nl-NL\",\"potentialAction\":[{\"@type\":\"ReadAction\",\"target\":[\"https:\\\/\\\/skiproskiracers.nl\\\/?page_id=49\"]}]},{\"@type\":\"BreadcrumbList\",\"@id\":\"https:\\\/\\\/skiproskiracers.nl\\\/?page_id=49#breadcrumb\",\"itemListElement\":[{\"@type\":\"ListItem\",\"position\":1,\"name\":\"Home\",\"item\":\"https:\\\/\\\/skiproskiracers.nl\\\/\"},{\"@type\":\"ListItem\",\"position\":2,\"name\":\"Hoe kan ik lid worden\"}]},{\"@type\":\"WebSite\",\"@id\":\"https:\\\/\\\/skiproskiracers.nl\\\/#website\",\"url\":\"https:\\\/\\\/skiproskiracers.nl\\\/\",\"name\":\"SkiPro SkiRacers\",\"description\":\"Dutch Young Ski Talents\",\"publisher\":{\"@id\":\"https:\\\/\\\/skiproskiracers.nl\\\/#organization\"},\"potentialAction\":[{\"@type\":\"SearchAction\",\"target\":{\"@type\":\"EntryPoint\",\"urlTemplate\":\"https:\\\/\\\/skiproskiracers.nl\\\/?s={search_term_string}\"},\"query-input\":{\"@type\":\"PropertyValueSpecification\",\"valueRequired\":true,\"valueName\":\"search_term_string\"}}],\"inLanguage\":\"nl-NL\"},{\"@type\":\"Organization\",\"@id\":\"https:\\\/\\\/skiproskiracers.nl\\\/#organization\",\"name\":\"SkiPro SkiRacers\",\"url\":\"https:\\\/\\\/skiproskiracers.nl\\\/\",\"logo\":{\"@type\":\"ImageObject\",\"inLanguage\":\"nl-NL\",\"@id\":\"https:\\\/\\\/skiproskiracers.nl\\\/#\\\/schema\\\/logo\\\/image\\\/\",\"url\":\"https:\\\/\\\/skiproskiracers.nl\\\/wp\\\/wp-content\\\/uploads\\\/2024\\\/10\\\/cropped-Logo_kleur_530px.jpg\",\"contentUrl\":\"https:\\\/\\\/skiproskiracers.nl\\\/wp\\\/wp-content\\\/uploads\\\/2024\\\/10\\\/cropped-Logo_kleur_530px.jpg\",\"width\":512,\"height\":512,\"caption\":\"SkiPro SkiRacers\"},\"image\":{\"@id\":\"https:\\\/\\\/skiproskiracers.nl\\\/#\\\/schema\\\/logo\\\/image\\\/\"},\"sameAs\":[\"https:\\\/\\\/www.facebook.com\\\/skiproskiracers\",\"https:\\\/\\\/www.instagram.com\\\/skiproskiracers\\\/\"]}]}<\/script>\n<!-- \/ Yoast SEO plugin. -->","yoast_head_json":{"title":"Hoe kan ik lid worden - SkiPro SkiRacers","description":"Bij Ski-Pro staat plezier en uitdaging voorop. Iedereen met passie voor ski\u00ebn, parallel kan ski\u00ebn en die zichzelf verder wil ontwikkelen tot goede alpine ski\u00ebr of tot serieuze wedstrijdski\u00ebr is bij Ski-Pro welkom. Leeftijd vanaf 6 jaar.","robots":{"index":"index","follow":"follow","max-snippet":"max-snippet:-1","max-image-preview":"max-image-preview:large","max-video-preview":"max-video-preview:-1"},"canonical":"https:\/\/skiproskiracers.nl\/?page_id=49","og_locale":"nl_NL","og_type":"article","og_title":"Hoe kan ik lid worden - SkiPro SkiRacers","og_description":"Bij Ski-Pro staat plezier en uitdaging voorop. Iedereen met passie voor ski\u00ebn, parallel kan ski\u00ebn en die zichzelf verder wil ontwikkelen tot goede alpine ski\u00ebr of tot serieuze wedstrijdski\u00ebr is bij Ski-Pro welkom. Leeftijd vanaf 6 jaar.","og_url":"https:\/\/skiproskiracers.nl\/?page_id=49","og_site_name":"SkiPro SkiRacers","article_publisher":"https:\/\/www.facebook.com\/skiproskiracers","article_modified_time":"2024-11-14T14:46:43+00:00","twitter_card":"summary_large_image","twitter_misc":{"Geschatte leestijd":"1 minuut"},"schema":{"@context":"https:\/\/schema.org","@graph":[{"@type":"WebPage","@id":"https:\/\/skiproskiracers.nl\/?page_id=49","url":"https:\/\/skiproskiracers.nl\/?page_id=49","name":"Hoe kan ik lid worden - SkiPro SkiRacers","isPartOf":{"@id":"https:\/\/skiproskiracers.nl\/#website"},"datePublished":"2020-10-01T06:40:25+00:00","dateModified":"2024-11-14T14:46:43+00:00","description":"Bij Ski-Pro staat plezier en uitdaging voorop. Iedereen met passie voor ski\u00ebn, parallel kan ski\u00ebn en die zichzelf verder wil ontwikkelen tot goede alpine ski\u00ebr of tot serieuze wedstrijdski\u00ebr is bij Ski-Pro welkom. Leeftijd vanaf 6 jaar.","breadcrumb":{"@id":"https:\/\/skiproskiracers.nl\/?page_id=49#breadcrumb"},"inLanguage":"nl-NL","potentialAction":[{"@type":"ReadAction","target":["https:\/\/skiproskiracers.nl\/?page_id=49"]}]},{"@type":"BreadcrumbList","@id":"https:\/\/skiproskiracers.nl\/?page_id=49#breadcrumb","itemListElement":[{"@type":"ListItem","position":1,"name":"Home","item":"https:\/\/skiproskiracers.nl\/"},{"@type":"ListItem","position":2,"name":"Hoe kan ik lid worden"}]},{"@type":"WebSite","@id":"https:\/\/skiproskiracers.nl\/#website","url":"https:\/\/skiproskiracers.nl\/","name":"SkiPro SkiRacers","description":"Dutch Young Ski Talents","publisher":{"@id":"https:\/\/skiproskiracers.nl\/#organization"},"potentialAction":[{"@type":"SearchAction","target":{"@type":"EntryPoint","urlTemplate":"https:\/\/skiproskiracers.nl\/?s={search_term_string}"},"query-input":{"@type":"PropertyValueSpecification","valueRequired":true,"valueName":"search_term_string"}}],"inLanguage":"nl-NL"},{"@type":"Organization","@id":"https:\/\/skiproskiracers.nl\/#organization","name":"SkiPro SkiRacers","url":"https:\/\/skiproskiracers.nl\/","logo":{"@type":"ImageObject","inLanguage":"nl-NL","@id":"https:\/\/skiproskiracers.nl\/#\/schema\/logo\/image\/","url":"https:\/\/skiproskiracers.nl\/wp\/wp-content\/uploads\/2024\/10\/cropped-Logo_kleur_530px.jpg","contentUrl":"https:\/\/skiproskiracers.nl\/wp\/wp-content\/uploads\/2024\/10\/cropped-Logo_kleur_530px.jpg","width":512,"height":512,"caption":"SkiPro SkiRacers"},"image":{"@id":"https:\/\/skiproskiracers.nl\/#\/schema\/logo\/image\/"},"sameAs":["https:\/\/www.facebook.com\/skiproskiracers","https:\/\/www.instagram.com\/skiproskiracers\/"]}]}},"_links":{"self":[{"href":"https:\/\/skiproskiracers.nl\/index.php?rest_route=\/wp\/v2\/pages\/49","targetHints":{"allow":["GET"]}}],"collection":[{"href":"https:\/\/skiproskiracers.nl\/index.php?rest_route=\/wp\/v2\/pages"}],"about":[{"href":"https:\/\/skiproskiracers.nl\/index.php?rest_route=\/wp\/v2\/types\/page"}],"author":[{"embeddable":true,"href":"https:\/\/skiproskiracers.nl\/index.php?rest_route=\/wp\/v2\/users\/2"}],"replies":[{"embeddable":true,"href":"https:\/\/skiproskiracers.nl\/index.php?rest_route=%2Fwp%2Fv2%2Fcomments&post=49"}],"version-history":[{"count":147,"href":"https:\/\/skiproskiracers.nl\/index.php?rest_route=\/wp\/v2\/pages\/49\/revisions"}],"predecessor-version":[{"id":2566,"href":"https:\/\/skiproskiracers.nl\/index.php?rest_route=\/wp\/v2\/pages\/49\/revisions\/2566"}],"wp:attachment":[{"href":"https:\/\/skiproskiracers.nl\/index.php?rest_route=%2Fwp%2Fv2%2Fmedia&parent=49"}],"curies":[{"name":"wp","href":"https:\/\/api.w.org\/{rel}","templated":true}]}}